{"id":565,"date":"2025-09-30T15:22:33","date_gmt":"2025-09-30T21:22:33","guid":{"rendered":"https:\/\/envo.com.mx\/aviso-de-privacidad\/"},"modified":"2025-10-20T16:09:11","modified_gmt":"2025-10-20T22:09:11","slug":"privacy-notice","status":"publish","type":"page","link":"https:\/\/envo.com.mx\/en\/privacy-notice\/","title":{"rendered":"Privacy Notice"},"content":{"rendered":"\n<div class=\"wp-block-bioxnet-wrap wrap-columns wp-block alignundefined are-vertically-aligned-undefined pd-t-0 pdm-t-0 pd-b-0 pdm-b-0 pd-r-0 pdm-r-0 pd-l-0 pdm-l-0 is-layout-flow wp-block-bioxnet-wrap-is-layout-flow\">\n<div class=\"wp-block-bioxnet-columns columns content-column-center is-gap-0 is-layout-flow wp-block-bioxnet-columns-is-layout-flow\">\n<div class=\"column if-not-wide are-vertically-aligned-top text-alignment-left text-alignment-mobile-none mr-t-0 mrm-t-0 mr-b-0 mrm-b-0 pd-t-15 pdm-t-15 pd-b-15 pdm-b-15 pd-r-15 pdm-r-15 pd-l-15 pdm-l-15  order-none order-none-mobile false\"><div class=\"wp-block-bioxnet-column InnerColumn\">\n<p>Materiales de Empaque Continental S.A. de C.V. (conocido en el medio y en lo sucesivo como \u201cENVO\u201d), se\u00f1alando para efectos del presente Aviso de Privacidad el domicilio ubicado en Calle 2\u00aa. De San Francisco No. 1505, Colonia Cant\u00fa, Monterrey, Nuevo Le\u00f3n, C.P. 64550, es el responsable del tratamiento de los datos personales que le hayan sido proporcionados por las personas f\u00edsicas (en lo sucesivo \u201cTitular\u201d\/\u201dTitulares\u201d) a quienes correspondan los mismos.<\/p>\n\n\n\n<p>\u201cENVO\u201d se dedica a la elaboraci\u00f3n, producci\u00f3n, comercializaci\u00f3n, distribuci\u00f3n, importaci\u00f3n y exportaci\u00f3n de material para empaque en pl\u00e1stico y en papel, as\u00ed como de etiquetas adhesivas, tambi\u00e9n se dedica a recibir toda clase de servicios de consultor\u00eda y\/o asesor\u00eda, as\u00ed como toda clase de suministros con el prop\u00f3sito de cumplir con su objeto social; en la prestaci\u00f3n de los servicios y\/o suministros antes mencionados, as\u00ed como en la recepci\u00f3n de los mismos, participan personas f\u00edsicas y morales; en virtud de lo anterior, \u201cENVO\u201d interact\u00faa y ha interactuado con diversas personas f\u00edsicas, quienes son los \u201cTitulares\u201d de los Datos Personales (en lo sucesivo \u201cDatos\u201d) que en alg\u00fan momento se recabaron de los mismos, o bien, que en este acto se recaban, por lo que, \u201cENVO\u201d hace de su conocimiento el tipo de \u201cDatos\u201d que se recaba, el perfil de cada persona f\u00edsica y el tratamiento y\/o finalidad que se le da a los mismos, de conformidad a lo siguiente:<\/p>\n\n\n\n<p>Respecto de los \u201cDatos\u201d del PERSONAL LABORAL (candidatos a empleados, empleados, ex-empleados, personal por honorarios, practicantes), \u201cENVO\u201d recaba informaci\u00f3n, de forma personal y\/o de forma directa de los mencionados \u201cTitulares\u201d en atenci\u00f3n a los servicios y\/o funciones a desempe\u00f1ar, los cuales son el nombre completo, direcci\u00f3n, Registro Federal de Contribuyentes (RFC), Clave \u00danica de Registro de Poblaci\u00f3n (CURP), n\u00famero de Seguridad Social (IMSS), tel\u00e9fono, correo electr\u00f3nico, experiencia profesional, carta de no antecedentes penales, afiliaci\u00f3n sindical, comprobante de estudios, comprobante de domicilio y copia de alguna identificaci\u00f3n oficial; con la finalidad de determinar la contraprestaci\u00f3n y\/o remuneraci\u00f3n de los servicios prestados y la realizaci\u00f3n del pago determinado, as\u00ed como la comunicaci\u00f3n y localizaci\u00f3n de la persona, identificaci\u00f3n de la misma, elaboraci\u00f3n de un perfil profesional, que sirva para la evaluaci\u00f3n y capacitaci\u00f3n de \u00e9stos, as\u00ed como para realizar alguna recomendaci\u00f3n laboral; \u201cENVO\u201d podr\u00e1 solicitar el nombre completo y n\u00famero telef\u00f3nico de familiares directos (ascendientes y\/o descendientes y\/o colaterales y\/o c\u00f3nyuge), para efectos de referencias laborales.<\/p>\n\n\n\n<p>En el caso que \u201cENVO\u201d recabe informaci\u00f3n sobre alguna cuenta bancaria del PERSONAL LABORAL, dichos datos que son de car\u00e1cter financiero, \u00fanicamente ser\u00e1n recopilados con el prop\u00f3sito de facilitar el pago, ya sea en banco o mediante transferencia electr\u00f3nica, de alg\u00fan servicio y\/o suministro de alg\u00fan bien prestado y\/o proporcionado. \u201cENVO\u201d en su momento puede pedir, de alguno de los mencionados \u201cTitulares\u201d, alguna informaci\u00f3n y\/o realizar evaluaciones de tipo socio-econ\u00f3mico, psicom\u00e9trico y\/o m\u00e9dico (estado de salud), con fines institucionales que ayuden a definir un perfil del \u201cTitular\u201d con el prop\u00f3sito de determinar y\/o proporcionar alg\u00fan tipo de beneficio en las prestaciones y\/o apoyos en situaciones particulares.<\/p>\n\n\n\n<p>\u201cENVO\u201d tambi\u00e9n puede solicitar y\/o recabar \u201cDatos\u201d del PERSONAL LABORAL y\/o sobre sus familiares directos (ascendientes y\/o descendientes y\/o colaterales y\/o c\u00f3nyuge), informaci\u00f3n que consiste enfermedades y\/o accidentes sufridos (estado de salud) de los mencionados \u201cTitulares\u201d, as\u00ed como de los autom\u00f3viles que \u00e9stos hagan uso; lo anterior, con la finalidad de evaluar, cotizar, y en su caso, proporcionar alg\u00fan tipo de Seguro de Gastos M\u00e9dicos y\/o Seguro de Vida y\/o Seguro de Autom\u00f3vil, como alg\u00fan tipo de prestaci\u00f3n laboral en atenci\u00f3n a su cargo y\/o puesto y\/o funciones. Dentro de todos los \u201cDatos\u201d que se recaban de los \u201cTitulares\u201d y\/o de los familiares de los mismos, hay informaci\u00f3n considerada como \u201cDato Personal Sensible\u201d, cuyo tratamiento se autoriza a favor de \u201cENVO\u201d al aceptar el presente Aviso de Privacidad o al no oponerse ni negarse al tratamiento de los mismos.<\/p>\n\n\n\n<p>Respecto de los \u201cDatos\u201d de CLIENTES, \u201cENVO\u201d recaba informaci\u00f3n personal de dos tipos de clientes: 1.- Cliente-distribuidor y 2.- Cliente-Consumidor de quienes se solicita su nombre completo, direcci\u00f3n, tel\u00e9fono y\/o correo electr\u00f3nico, Registro Federal de Contribuyente (RFC), Clave \u00danica de registro de Poblaci\u00f3n (CURP), p\u00e1gina de internet (sitio web), datos de cuenta bancaria, copia de alguna identificaci\u00f3n oficial; con la finalidad de determinar la contraprestaci\u00f3n y\/o remuneraci\u00f3n por el suministro de los productos y\/o servicios que \u201cENVO\u201d proporciona, la realizaci\u00f3n del cobro y pago correspondiente, as\u00ed como la comunicaci\u00f3n y localizaci\u00f3n de los mismos.<\/p>\n\n\n\n<p>\u201cENVO\u201d podr\u00e1 pedir a algunos de sus clientes, determinada informaci\u00f3n para efectos de evaluaciones sobre sus productos y\/o marcas y\/o servicios con la finalidad de obtener un resultado de Estudios de Mercado y poder mejorar alguno de esos conceptos, as\u00ed como para contactarlos para el env\u00edo de publicidad y\/o aclaraciones, por correo electr\u00f3nico y\/o por otro medio de comunicaci\u00f3n.<\/p>\n\n\n\n<p>Respecto de los \u201cDatos\u201d de PROVEEDORES, \u201cENVO\u201d recaba informaci\u00f3n la cual consiste en el nombre completo, direcci\u00f3n, Registro Federal de Contribuyentes (RFC), tel\u00e9fono, correo electr\u00f3nico, cotizaci\u00f3n y\/o presupuesto, comprobante de domicilio y copia de alguna identificaci\u00f3n oficial; con la finalidad de identificar, localizar al \u201cTitular\u201d, para determinar la contraprestaci\u00f3n y\/o remuneraci\u00f3n por los servicios y\/o bienes prestados y\/o suministrados a \u201cENVO\u201d, as\u00ed como para la realizaci\u00f3n del pago antes referido.<\/p>\n\n\n\n<p>En el caso que se recabe informaci\u00f3n sobre alguna cuenta bancaria de los \u201cTitulares\u201d antes referidos, dichos datos que son de car\u00e1cter financiero, \u00fanicamente ser\u00e1n recopilados con el prop\u00f3sito de facilitar el pago, ya sea en banco o mediante transferencia electr\u00f3nica, de alg\u00fan servicio y\/o suministro.<\/p>\n\n\n\n<p>\u201cENVO\u201d mantendr\u00e1 e implementar\u00e1 las acciones y mecanismos de protecci\u00f3n adecuados, los cuales consistir\u00e1n en Medidas Administrativas, F\u00edsicas y T\u00e9cnicas necesarias en atenci\u00f3n a su capacidad y del tipo de \u201cDatos\u201d que trate; lo anterior, con el prop\u00f3sito de garantizar la seguridad, integridad y privacidad de los \u201cDatos\u201d.<\/p>\n\n\n\n<p>El tratamiento de los \u201cDatos\u201d que se han puesto a disposici\u00f3n de \u201cENVO\u201d, ya sea de forma personal, directa y\/o indirecta de su \u201cTitular\u201d, podr\u00e1 ser efectuado de conformidad con los presentes t\u00e9rminos y condiciones, por lo que, desde este momento se entiende, que los \u201cTitulares\u201d otorgan su consentimiento para dicho tratamiento, salvo que exista una comunicaci\u00f3n expresa de la misma forma en la que se recabaron los \u201cDatos\u201d, para que el \u201cTitular\u201d manifieste a \u201cENVO\u201d su negativa al tratamiento de sus \u201cDatos\u201d, siguiendo los mecanismos que posteriormente se se\u00f1alan, mediante la solicitud de los Derechos ARCO.<\/p>\n\n\n\n<p>\u201cENVO\u201d es el responsable de la recolecci\u00f3n, resguardo y tratamiento de los \u201cDatos\u201d. Usted podr\u00e1 en todo momento ejercer sus derechos ARCO (acceso, rectificaci\u00f3n, cancelaci\u00f3n u oposici\u00f3n) respecto de sus \u201cDatos\u201d mediante solicitud escrita dirigida a \u201cENVO\u201d, Departamento de Datos Personales, notificada en el siguiente domicilio: Calle 2\u00aa. De San Francisco No. 1505, Colonia Cant\u00fa, Monterrey, Nuevo Le\u00f3n, C.P. 64550, en d\u00edas y horas h\u00e1biles, o bien, al correo electr\u00f3nico datospersonales@ENVO. com .m x<\/p>\n\n\n\n<p>Tambi\u00e9n podr\u00e1, a trav\u00e9s de esos medios, manifestar su negativa al tratamiento y transferencia de sus \u201cDatos\u201d, as\u00ed como revocar el consentimiento al tratamiento de \u00e9stos y la limitaci\u00f3n al uso o divulgaci\u00f3n de sus \u201cDATOS.<\/p>\n\n\n\n<p>Usted podr\u00e1 en todo momento, tener acceso a la Solicitud de Derechos ARCO, en el domicilio antes se\u00f1alado, solicit\u00e1ndola al correo electr\u00f3nico a que se hace menci\u00f3n, as\u00ed como en nuestra p\u00e1gina de internet: www.ENVO.com.mx \u201cENVO\u201d. El derecho del \u201cTitular\u201d a acceder a sus \u201cDatos\u201d, lo podr\u00e1 hacer efectivo \u201cENVO\u201d poni\u00e9ndolos a disposici\u00f3n del \u201cTitular\u201d en su domicilio por un per\u00edodo no mayor a 15 d\u00edas h\u00e1biles, o bien, mediante la expedici\u00f3n de copias simples o otorgando acceso a su sitio web mediante una clave \u00fanica y que haga identificable al solicitante, as\u00ed como a trav\u00e9s de medios magn\u00e9ticos, \u00f3pticos, sonoros, visuales u hologr\u00e1ficos. \u201cENVO\u201d podr\u00e1 ceder y\/o transferir los \u201cDatos\u201d, tanto a personas f\u00edsicas como morales, nacionales o extranjeras. Si Usted como \u201cTitular\u201d firma este Aviso o no ejerce un derecho de oposici\u00f3n conforme a lo previsto en el presente Aviso de Privacidad, se entender\u00e1 para todos los efectos legales correspondientes que Usted como \u201cTitular\u201d autoriza, de ser necesario, a criterio de \u201cENVO\u201d, la cesi\u00f3n y\/o transmisi\u00f3n de sus \u201cDatos\u201d.<\/p>\n\n\n\n<p>Los receptores de tales \u201cDatos\u201d quedar\u00e1n sujetos a lo establecido en el presente Aviso de Privacidad; en t\u00e9rminos de lo anterior, es posible que \u201cENVO\u201d requiera transferir los \u201cDatos\u201d a terceras partes con cuales mantiene relaciones comerciales y\/o profesionales, de igual forma \u201cENVO\u201d puede transferir a terceros \u201cDatos\u201d correspondientes a sus empleados, practicantes y\/o personal por honorarios, como pueden ser a despachos externos, laboratorios y\/o cl\u00ednicas, \u00fanicamente con el prop\u00f3sito de que realicen investigaciones, evaluaciones, ex\u00e1menes m\u00e9dicos, selecci\u00f3n, opiniones relacionadas con su personal.<\/p>\n\n\n\n<p>Estas terceras partes, \u00fanicamente y exclusivamente, recibir\u00e1n los \u201cDatos\u201d como parte de la relaci\u00f3n comercial y\/o profesional con \u201cENVO\u201d, como parte del alcance y\/o como informaci\u00f3n necesaria para el perfeccionamiento de las relaciones internas, comerciales y\/o profesionales acordadas entre \u201cENVO\u201d y los \u201cTitulares\u201d. \u201cENVO\u201d seleccionar\u00e1 \u00fanicamente a terceros que se comprometan formalmente a instaurar las medidas de seguridad necesarias para garantizar el nivel adecuado de privacidad de los \u201cDatos\u201d. \u201cENVO\u201d ser\u00e1 responsable de notificar a los terceros el contenido de este Aviso, as\u00ed como cualquier modificaci\u00f3n o cancelaci\u00f3n de \u201cDatos\u201d en virtud del ejercicio de sus derechos que hagan en su momento algunos de los \u201cTitulares\u201d.<\/p>\n\n\n\n<p>\u201cENVO\u201d en atenci\u00f3n a las tecnolog\u00edas implementadas para la realizaci\u00f3n cotidiana de sus funciones, podr\u00e1 recabar a trav\u00e9s de su p\u00e1gina de internet informaci\u00f3n que contenga \u201cDatos Personales\u201d; sin embargo, no recaba este tipo de informaci\u00f3n por medio de cookies y\/o web beacons, as\u00ed como tampoco por medios de redes sociales.<\/p>\n<\/div><\/div>\n<\/div>\n<\/div>\n","protected":false},"excerpt":{"rendered":"","protected":false},"author":1,"featured_media":0,"parent":0,"menu_order":0,"comment_status":"closed","ping_status":"open","template":"","meta":{"scripts_individual_header":"","scripts_individual_body":"","scripts_individual_footer":"","activar_header_absoluto":false,"footnotes":""},"class_list":["post-565","page","type-page","status-publish","hentry"],"yoast_head":"<!-- This site is optimized with the Yoast SEO plugin v27.5 - https:\/\/yoast.com\/product\/yoast-seo-wordpress\/ -->\n<title>ENVO Packaging, ENVO Papel Encerado para Alimentos<\/title>\n<meta name=\"description\" content=\"Papel Grado Alimenticio, Papel Encerado Para Alimentos, Papel Antigrasa Para Alimentos, ENVO, Papel Grado Alimenticio Personalizado\" \/>\n<meta name=\"robots\" content=\"index, follow, max-snippet:-1, max-image-preview:large, max-video-preview:-1\" \/>\n<link rel=\"canonical\" href=\"https:\/\/envo.com.mx\/en\/privacy-notice\/\" \/>\n<meta property=\"og:locale\" content=\"en_US\" \/>\n<meta property=\"og:type\" content=\"article\" \/>\n<meta property=\"og:title\" content=\"ENVO Packaging, ENVO Papel Encerado para Alimentos\" \/>\n<meta property=\"og:description\" content=\"Papel Grado Alimenticio, Papel Encerado Para Alimentos, Papel Antigrasa Para Alimentos, ENVO, Papel Grado Alimenticio Personalizado\" \/>\n<meta property=\"og:url\" content=\"https:\/\/envo.com.mx\/en\/privacy-notice\/\" \/>\n<meta property=\"og:site_name\" content=\"Envo - Papel Grado Alimenticio\" \/>\n<meta property=\"article:modified_time\" content=\"2025-10-20T22:09:11+00:00\" \/>\n<meta name=\"twitter:card\" content=\"summary_large_image\" \/>\n<meta name=\"twitter:label1\" content=\"Est. reading time\" \/>\n\t<meta name=\"twitter:data1\" content=\"8 minutes\" \/>\n<script type=\"application\/ld+json\" class=\"yoast-schema-graph\">{\"@context\":\"https:\\\/\\\/schema.org\",\"@graph\":[{\"@type\":\"WebPage\",\"@id\":\"https:\\\/\\\/envo.com.mx\\\/en\\\/privacy-notice\\\/\",\"url\":\"https:\\\/\\\/envo.com.mx\\\/en\\\/privacy-notice\\\/\",\"name\":\"ENVO Packaging, ENVO Papel Encerado para Alimentos\",\"isPartOf\":{\"@id\":\"https:\\\/\\\/envo.com.mx\\\/en\\\/#website\"},\"datePublished\":\"2025-09-30T21:22:33+00:00\",\"dateModified\":\"2025-10-20T22:09:11+00:00\",\"description\":\"Papel Grado Alimenticio, Papel Encerado Para Alimentos, Papel Antigrasa Para Alimentos, ENVO, Papel Grado Alimenticio Personalizado\",\"breadcrumb\":{\"@id\":\"https:\\\/\\\/envo.com.mx\\\/en\\\/privacy-notice\\\/#breadcrumb\"},\"inLanguage\":\"en-US\",\"potentialAction\":[{\"@type\":\"ReadAction\",\"target\":[\"https:\\\/\\\/envo.com.mx\\\/en\\\/privacy-notice\\\/\"]}]},{\"@type\":\"BreadcrumbList\",\"@id\":\"https:\\\/\\\/envo.com.mx\\\/en\\\/privacy-notice\\\/#breadcrumb\",\"itemListElement\":[{\"@type\":\"ListItem\",\"position\":1,\"name\":\"Portada\",\"item\":\"https:\\\/\\\/envo.com.mx\\\/en\\\/\"},{\"@type\":\"ListItem\",\"position\":2,\"name\":\"Privacy Notice\"}]},{\"@type\":\"WebSite\",\"@id\":\"https:\\\/\\\/envo.com.mx\\\/en\\\/#website\",\"url\":\"https:\\\/\\\/envo.com.mx\\\/en\\\/\",\"name\":\"Envo Fabricante de Papel Grado Alimenticio\",\"description\":\"Papel Encerado Grado Alimenticio\",\"publisher\":{\"@id\":\"https:\\\/\\\/envo.com.mx\\\/en\\\/#organization\"},\"potentialAction\":[{\"@type\":\"SearchAction\",\"target\":{\"@type\":\"EntryPoint\",\"urlTemplate\":\"https:\\\/\\\/envo.com.mx\\\/en\\\/?s={search_term_string}\"},\"query-input\":{\"@type\":\"PropertyValueSpecification\",\"valueRequired\":true,\"valueName\":\"search_term_string\"}}],\"inLanguage\":\"en-US\"},{\"@type\":\"Organization\",\"@id\":\"https:\\\/\\\/envo.com.mx\\\/en\\\/#organization\",\"name\":\"Envo\",\"url\":\"https:\\\/\\\/envo.com.mx\\\/en\\\/\",\"logo\":{\"@type\":\"ImageObject\",\"inLanguage\":\"en-US\",\"@id\":\"https:\\\/\\\/envo.com.mx\\\/en\\\/#\\\/schema\\\/logo\\\/image\\\/\",\"url\":\"https:\\\/\\\/envo.com.mx\\\/wp-content\\\/uploads\\\/2025\\\/10\\\/logo-2x.png\",\"contentUrl\":\"https:\\\/\\\/envo.com.mx\\\/wp-content\\\/uploads\\\/2025\\\/10\\\/logo-2x.png\",\"width\":800,\"height\":334,\"caption\":\"Envo\"},\"image\":{\"@id\":\"https:\\\/\\\/envo.com.mx\\\/en\\\/#\\\/schema\\\/logo\\\/image\\\/\"}}]}<\/script>\n<!-- \/ Yoast SEO plugin. -->","yoast_head_json":{"title":"ENVO Packaging, ENVO Papel Encerado para Alimentos","description":"Papel Grado Alimenticio, Papel Encerado Para Alimentos, Papel Antigrasa Para Alimentos, ENVO, Papel Grado Alimenticio Personalizado","robots":{"index":"index","follow":"follow","max-snippet":"max-snippet:-1","max-image-preview":"max-image-preview:large","max-video-preview":"max-video-preview:-1"},"canonical":"https:\/\/envo.com.mx\/en\/privacy-notice\/","og_locale":"en_US","og_type":"article","og_title":"ENVO Packaging, ENVO Papel Encerado para Alimentos","og_description":"Papel Grado Alimenticio, Papel Encerado Para Alimentos, Papel Antigrasa Para Alimentos, ENVO, Papel Grado Alimenticio Personalizado","og_url":"https:\/\/envo.com.mx\/en\/privacy-notice\/","og_site_name":"Envo - Papel Grado Alimenticio","article_modified_time":"2025-10-20T22:09:11+00:00","twitter_card":"summary_large_image","twitter_misc":{"Est. reading time":"8 minutes"},"schema":{"@context":"https:\/\/schema.org","@graph":[{"@type":"WebPage","@id":"https:\/\/envo.com.mx\/en\/privacy-notice\/","url":"https:\/\/envo.com.mx\/en\/privacy-notice\/","name":"ENVO Packaging, ENVO Papel Encerado para Alimentos","isPartOf":{"@id":"https:\/\/envo.com.mx\/en\/#website"},"datePublished":"2025-09-30T21:22:33+00:00","dateModified":"2025-10-20T22:09:11+00:00","description":"Papel Grado Alimenticio, Papel Encerado Para Alimentos, Papel Antigrasa Para Alimentos, ENVO, Papel Grado Alimenticio Personalizado","breadcrumb":{"@id":"https:\/\/envo.com.mx\/en\/privacy-notice\/#breadcrumb"},"inLanguage":"en-US","potentialAction":[{"@type":"ReadAction","target":["https:\/\/envo.com.mx\/en\/privacy-notice\/"]}]},{"@type":"BreadcrumbList","@id":"https:\/\/envo.com.mx\/en\/privacy-notice\/#breadcrumb","itemListElement":[{"@type":"ListItem","position":1,"name":"Portada","item":"https:\/\/envo.com.mx\/en\/"},{"@type":"ListItem","position":2,"name":"Privacy Notice"}]},{"@type":"WebSite","@id":"https:\/\/envo.com.mx\/en\/#website","url":"https:\/\/envo.com.mx\/en\/","name":"Envo Fabricante de Papel Grado Alimenticio","description":"Papel Encerado Grado Alimenticio","publisher":{"@id":"https:\/\/envo.com.mx\/en\/#organization"},"potentialAction":[{"@type":"SearchAction","target":{"@type":"EntryPoint","urlTemplate":"https:\/\/envo.com.mx\/en\/?s={search_term_string}"},"query-input":{"@type":"PropertyValueSpecification","valueRequired":true,"valueName":"search_term_string"}}],"inLanguage":"en-US"},{"@type":"Organization","@id":"https:\/\/envo.com.mx\/en\/#organization","name":"Envo","url":"https:\/\/envo.com.mx\/en\/","logo":{"@type":"ImageObject","inLanguage":"en-US","@id":"https:\/\/envo.com.mx\/en\/#\/schema\/logo\/image\/","url":"https:\/\/envo.com.mx\/wp-content\/uploads\/2025\/10\/logo-2x.png","contentUrl":"https:\/\/envo.com.mx\/wp-content\/uploads\/2025\/10\/logo-2x.png","width":800,"height":334,"caption":"Envo"},"image":{"@id":"https:\/\/envo.com.mx\/en\/#\/schema\/logo\/image\/"}}]}},"_links":{"self":[{"href":"https:\/\/envo.com.mx\/en\/wp-json\/wp\/v2\/pages\/565","targetHints":{"allow":["GET"]}}],"collection":[{"href":"https:\/\/envo.com.mx\/en\/wp-json\/wp\/v2\/pages"}],"about":[{"href":"https:\/\/envo.com.mx\/en\/wp-json\/wp\/v2\/types\/page"}],"author":[{"embeddable":true,"href":"https:\/\/envo.com.mx\/en\/wp-json\/wp\/v2\/users\/1"}],"replies":[{"embeddable":true,"href":"https:\/\/envo.com.mx\/en\/wp-json\/wp\/v2\/comments?post=565"}],"version-history":[{"count":1,"href":"https:\/\/envo.com.mx\/en\/wp-json\/wp\/v2\/pages\/565\/revisions"}],"predecessor-version":[{"id":569,"href":"https:\/\/envo.com.mx\/en\/wp-json\/wp\/v2\/pages\/565\/revisions\/569"}],"wp:attachment":[{"href":"https:\/\/envo.com.mx\/en\/wp-json\/wp\/v2\/media?parent=565"}],"curies":[{"name":"wp","href":"https:\/\/api.w.org\/{rel}","templated":true}]}}