{"id":546,"date":"2025-10-01T18:45:53","date_gmt":"2025-10-02T00:45:53","guid":{"rendered":"https:\/\/envo.com.mx\/productos\/bolsas-para-vacio-grado-alimenticio\/"},"modified":"2025-10-21T14:52:04","modified_gmt":"2025-10-21T20:52:04","slug":"food-grade-vacuum-bags","status":"publish","type":"page","link":"https:\/\/envo.com.mx\/en\/products\/food-grade-vacuum-bags\/","title":{"rendered":"Food-Grade Vacuum Bags"},"content":{"rendered":"\n<div class=\"wp-block-bioxnet-wrap wrap-columns wp-block alignundefined are-vertically-aligned-undefined pd-t-0 pdm-t-0 pd-b-0 pdm-b-0 pd-r-0 pdm-r-0 pd-l-0 pdm-l-0 is-layout-flow wp-block-bioxnet-wrap-is-layout-flow\">\n<div class=\"wp-block-bioxnet-columns alignfull columns content-column-center is-gap-0 is-layout-flow wp-block-bioxnet-columns-is-layout-flow\">\n<div class=\"column if-not-wide are-vertically-aligned-top text-alignment-left text-alignment-mobile-none mr-t-0 mrm-t-0 mr-b-0 mrm-b-0 pd-t-0 pdm-t-0 pd-b-0 pdm-b-0 pd-r-0 pdm-r-0 pd-l-0 pdm-l-0  order-none order-none-mobile false\"><div class=\"wp-block-bioxnet-column InnerColumn\">\n<div class=\"wp-block-cover\"><img loading=\"lazy\" decoding=\"async\" width=\"600\" height=\"380\" class=\"wp-block-cover__image-background wp-image-112 size-full\" alt=\"\" src=\"https:\/\/envo.com.mx\/wp-content\/uploads\/2025\/09\/demo-servicio-5.jpg\" data-object-fit=\"cover\" srcset=\"https:\/\/envo.com.mx\/wp-content\/uploads\/2025\/09\/demo-servicio-5.jpg 600w, https:\/\/envo.com.mx\/wp-content\/uploads\/2025\/09\/demo-servicio-5-300x190.jpg 300w\" sizes=\"auto, (max-width: 600px) 100vw, 600px\" \/><span aria-hidden=\"true\" class=\"wp-block-cover__background has-background-dim-0 has-background-dim\" style=\"background-color:#80747f\"><\/span><div class=\"wp-block-cover__inner-container is-layout-flow wp-block-cover-is-layout-flow\">\n<p class=\"has-text-align-center has-large-font-size\"><\/p>\n<\/div><\/div>\n<\/div><\/div>\n\n\n\n<div class=\"column if-not-wide are-vertically-aligned-center text-alignment-left text-alignment-mobile-none mr-t-0 mrm-t-0 mr-b-0 mrm-b-0 pd-t-15 pdm-t-30 pd-b-15 pdm-b-30 pd-r-60 pdm-r-15 pd-l-60 pdm-l-15  order-none order-none-mobile false\" data-sal=\"slide-right\" data-sal-duration=\"800\" data-sal-delay=\"100\" data-mobile=\"disabled\"><div class=\"wp-block-bioxnet-column InnerColumn\">\n<h1 class=\"wp-block-heading has-custom-color-2-color has-text-color has-link-color wp-elements-61fad906b00933c49dfab94c4d29f4f1\" style=\"text-transform:uppercase\">Food-Grade Vacuum Bags<\/h1>\n\n\n\n<p class=\"has-custom-color-texto-color has-text-color has-link-color wp-elements-3a09ddef3a3db453d50f7d4296d0827d\" style=\"margin-top:0;margin-bottom:0\"><em><strong>Food<\/strong>packaging<\/em><\/p>\n\n\n\n<div style=\"height:15px\" aria-hidden=\"true\" class=\"wp-block-spacer\"><\/div>\n\n\n\n<p>Certified, BPA-free, and high-strength vacuum bags designed to extend the freshness of food.<\/p>\n\n\n\n<p>We are MANUFACTURERS \u2014 we can design and print your packaging to custom specifications.<\/p>\n<\/div><\/div>\n<\/div>\n<\/div>\n\n\n\n<div class=\"wp-block-bioxnet-wrap wrap-columns wp-block alignundefined are-vertically-aligned-undefined pd-t-30 pdm-t-60 pd-b-30 pdm-b-60 pd-r-0 pdm-r-0 pd-l-0 pdm-l-0 is-layout-flow wp-block-bioxnet-wrap-is-layout-flow\" style=\"background-color:#ff960c\">\n<div class=\"wp-block-bioxnet-columns alignwide columns content-column-center is-gap-0 is-layout-flow wp-block-bioxnet-columns-is-layout-flow\">\n<div class=\"column is-three-fifths are-vertically-aligned-top text-alignment-left text-alignment-mobile-none mr-t-0 mrm-t-0 mr-b-0 mrm-b-0 pd-t-15 pdm-t-15 pd-b-15 pdm-b-15 pd-r-15 pdm-r-15 pd-l-15 pdm-l-15  order-none order-none-mobile false\" data-sal=\"slide-left\" data-sal-duration=\"800\" data-sal-delay=\"100\" data-mobile=\"disabled\"><div class=\"wp-block-bioxnet-column InnerColumn\">\n<h2 class=\"wp-block-heading has-white-color has-text-color has-link-color wp-elements-bd59aa1bf79f056d48b21a6ae4831cda\" style=\"padding-left:0\">Features and Benefits<\/h2>\n\n\n\n<div class=\"wp-block-group grid-caracteristicas is-layout-grid wp-container-core-group-is-layout-b757edec wp-block-group-is-layout-grid\">\n<div class=\"wp-block-group has-custom-color-2-background-color has-background has-global-padding is-layout-constrained wp-container-core-group-is-layout-639b5052 wp-block-group-is-layout-constrained\" style=\"border-radius:10px;padding-top:0;padding-right:0;padding-bottom:0;padding-left:0\">\n<p class=\"has-white-color has-text-color has-link-color wp-elements-9dd8d81cab5cc46a5a609d3ca06d1271\"><strong data-start=\"125\" data-end=\"153\">Food-Grade Certification<\/strong><br data-start=\"153\" data-end=\"156\">Our bags are certified for safe contact with food.<\/p>\n<\/div>\n\n\n\n<div class=\"wp-block-group has-global-padding is-layout-constrained wp-container-core-group-is-layout-639b5052 wp-block-group-is-layout-constrained\" style=\"border-radius:10px;padding-top:0;padding-right:0;padding-bottom:0;padding-left:0\">\n<p class=\"has-white-color has-text-color has-link-color wp-elements-4959de44ccb3a72512304fae91bd67dd\"><strong data-start=\"210\" data-end=\"230\">Wide Application<\/strong><br data-start=\"230\" data-end=\"233\">Ideal for fish, chicken, cheese, fruits, vegetables, and greens.<\/p>\n<\/div>\n\n\n\n<div class=\"wp-block-group has-global-padding is-layout-constrained wp-container-core-group-is-layout-639b5052 wp-block-group-is-layout-constrained\" style=\"border-radius:10px;padding-top:0;padding-right:0;padding-bottom:0;padding-left:0\">\n<p class=\"has-white-color has-text-color has-link-color wp-elements-5e78dcdec272f6ac97f04f8587977c75\"><strong data-start=\"301\" data-end=\"326\">Extended Preservation<\/strong><br data-start=\"326\" data-end=\"329\">High resistance to moisture and oxygen transmission, keeping food fresh for longer.<\/p>\n<\/div>\n\n\n\n<div class=\"wp-block-group has-global-padding is-layout-constrained wp-container-core-group-is-layout-639b5052 wp-block-group-is-layout-constrained\" style=\"border-radius:10px;padding-top:0;padding-right:0;padding-bottom:0;padding-left:0\">\n<p class=\"has-white-color has-text-color has-link-color wp-elements-8ed2395c56486c0002d3f620da8b9f1a\"><strong data-start=\"416\" data-end=\"443\">Cold Storage Compatible<\/strong><br data-start=\"443\" data-end=\"446\">Suitable for refrigeration and freezing.<\/p>\n<\/div>\n\n\n\n<div class=\"wp-block-group has-global-padding is-layout-constrained wp-container-core-group-is-layout-639b5052 wp-block-group-is-layout-constrained\" style=\"border-radius:10px;padding-top:0;padding-right:0;padding-bottom:0;padding-left:0\">\n<p class=\"has-white-color has-text-color has-link-color wp-elements-6cb32afdfc509d51a6109d3d4686b788\"><strong data-start=\"490\" data-end=\"516\">Variety of Thicknesses<\/strong><br data-start=\"516\" data-end=\"519\">Available in 65, 70, and 100 microns.<\/p>\n<\/div>\n\n\n\n<div class=\"wp-block-group has-global-padding is-layout-constrained wp-container-core-group-is-layout-639b5052 wp-block-group-is-layout-constrained\" style=\"border-radius:10px;padding-top:0;padding-right:0;padding-bottom:0;padding-left:0\">\n<p class=\"has-white-color has-text-color has-link-color wp-elements-b36f4c5c5a09ecaa53ba54bca6bd0ded\"><strong data-start=\"560\" data-end=\"585\">High-Quality Printing<\/strong><br data-start=\"585\" data-end=\"588\">High-quality printing available with 1 to 6 inks.<\/p>\n<\/div>\n\n\n\n<div class=\"wp-block-group has-global-padding is-layout-constrained wp-container-core-group-is-layout-639b5052 wp-block-group-is-layout-constrained\" style=\"border-radius:10px;padding-top:0;padding-right:0;padding-bottom:0;padding-left:0\">\n<p class=\"has-white-color has-text-color has-link-color wp-elements-52b1e1129d684f04e3f3176569440d29\"><strong data-start=\"641\" data-end=\"665\">Custom Manufacturing<\/strong><br data-start=\"665\" data-end=\"668\">Produced to the exact size and specifications you need.<\/p>\n<\/div>\n\n\n\n<div class=\"wp-block-group has-global-padding is-layout-constrained wp-container-core-group-is-layout-639b5052 wp-block-group-is-layout-constrained\" style=\"border-radius:10px;padding-top:0;padding-right:0;padding-bottom:0;padding-left:0\">\n<p class=\"has-white-color has-text-color has-link-color wp-elements-9b951adc10e80725661846e4bfe7cb7e\"><strong data-start=\"727\" data-end=\"753\">Inventory Availability<\/strong><br data-start=\"753\" data-end=\"756\">We also offer a wide variety of standard sizes in stock.<\/p>\n<\/div>\n\n\n\n<div class=\"wp-block-group has-global-padding is-layout-constrained wp-container-core-group-is-layout-639b5052 wp-block-group-is-layout-constrained\" style=\"border-radius:10px;padding-top:0;padding-right:0;padding-bottom:0;padding-left:0\">\n<p class=\"has-white-color has-text-color has-link-color wp-elements-53f7681ae669c541ba6d5baec3d59a84\"><strong data-start=\"816\" data-end=\"828\">BPA-Free<\/strong><br data-start=\"828\" data-end=\"831\">Our bags are completely BPA-free.<\/p>\n<\/div>\n\n\n\n<div class=\"wp-block-group has-global-padding is-layout-constrained wp-container-core-group-is-layout-639b5052 wp-block-group-is-layout-constrained\" style=\"border-radius:10px;padding-top:0;padding-right:0;padding-bottom:0;padding-left:0\">\n<p class=\"has-white-color has-text-color has-link-color wp-elements-cb1335aa498373c36898423a1cd58a7f\"><strong>Zipper Option<\/strong><br>Available with a zipper closure.<\/p>\n<\/div>\n\n\n\n<div class=\"wp-block-group has-global-padding is-layout-constrained wp-container-core-group-is-layout-639b5052 wp-block-group-is-layout-constrained\" style=\"border-radius:10px;padding-top:0;padding-right:0;padding-bottom:0;padding-left:0\">\n<p class=\"has-white-color has-text-color has-link-color wp-elements-3a793259f29f9c98daf1de63fd7a4fe0\"><strong data-start=\"924\" data-end=\"942\">Industrial Use<\/strong><br data-start=\"942\" data-end=\"945\">Designed for industrial chamber vacuum machines only (not for home use).<\/p>\n<\/div>\n<\/div>\n<\/div><\/div>\n\n\n\n<div class=\"column is-two-fifths are-vertically-aligned-top text-alignment-left text-alignment-mobile-none mr-t-0 mrm-t-0 mr-b-0 mrm-b-0 pd-t-60 pdm-t-60 pd-b-15 pdm-b-15 pd-r-15 pdm-r-15 pd-l-60 pdm-l-15  order-none order-none-mobile false\" data-sal=\"slide-left\" data-sal-duration=\"800\" data-sal-delay=\"100\" data-mobile=\"disabled\"><div class=\"wp-block-bioxnet-column InnerColumn\">\n<h3 class=\"wp-block-heading has-custom-color-6-color has-text-color has-link-color has-medium-font-size wp-elements-98fcdd31a5fc72085155fe42bb2d1524\">Request a Quote<\/h3>\n\n\n\n<div class=\"wp-block-contact-form-7-contact-form-selector contacto-formulario\">\n<div class=\"wpcf7 no-js\" id=\"wpcf7-f745-o1\" lang=\"es-ES\" dir=\"ltr\" data-wpcf7-id=\"745\">\n<div class=\"screen-reader-response\"><p role=\"status\" aria-live=\"polite\" aria-atomic=\"true\"><\/p> <ul><\/ul><\/div>\n<form action=\"\/en\/wp-json\/wp\/v2\/pages\/546#wpcf7-f745-o1\" method=\"post\" class=\"wpcf7-form init\" aria-label=\"Formulario de contacto\" novalidate=\"novalidate\" data-status=\"init\">\n<fieldset class=\"hidden-fields-container\"><input type=\"hidden\" name=\"_wpcf7\" value=\"745\" \/><input type=\"hidden\" name=\"_wpcf7_version\" value=\"6.1.5\" \/><input type=\"hidden\" name=\"_wpcf7_locale\" value=\"es_ES\" \/><input type=\"hidden\" name=\"_wpcf7_unit_tag\" value=\"wpcf7-f745-o1\" \/><input type=\"hidden\" name=\"_wpcf7_container_post\" value=\"0\" \/><input type=\"hidden\" name=\"_wpcf7_posted_data_hash\" value=\"\" \/>\n<\/fieldset>\n<div class=\"columns is-gap-5\">\n<div class=\"column\">\n    <span class=\"wpcf7-form-control-wrap\" data-name=\"your-name\"><input size=\"40\" maxlength=\"400\" class=\"wpcf7-form-control wpcf7-text wpcf7-validates-as-required\" aria-required=\"true\" aria-invalid=\"false\" placeholder=\"Name\" value=\"\" type=\"text\" name=\"your-name\" \/><\/span> \n<\/div>\n<div class=\"column\">\n    <span class=\"wpcf7-form-control-wrap\" data-name=\"your-email\"><input size=\"40\" maxlength=\"400\" class=\"wpcf7-form-control wpcf7-email wpcf7-validates-as-required wpcf7-text wpcf7-validates-as-email\" aria-required=\"true\" aria-invalid=\"false\" placeholder=\"Email\" value=\"\" type=\"email\" name=\"your-email\" \/><\/span>\n<\/div>\n<\/div>\n\n<div class=\"columns\">\n<div class=\"column\">\n    <span class=\"wpcf7-form-control-wrap\" data-name=\"tel-993\"><input size=\"40\" maxlength=\"400\" class=\"wpcf7-form-control wpcf7-tel wpcf7-validates-as-required wpcf7-text wpcf7-validates-as-tel\" aria-required=\"true\" aria-invalid=\"false\" placeholder=\"Phone\" value=\"\" type=\"tel\" name=\"tel-993\" \/><\/span> \n<\/div>\n<\/div>\n\n<div class=\"columns\">\n<div class=\"column\">\n    <span class=\"wpcf7-form-control-wrap\" data-name=\"your-message\"><textarea cols=\"40\" rows=\"10\" maxlength=\"2000\" class=\"wpcf7-form-control wpcf7-textarea wpcf7-validates-as-required\" aria-required=\"true\" aria-invalid=\"false\" placeholder=\"Questions or Comments\" name=\"your-message\"><\/textarea><\/span> \n<\/div>\n<\/div>\n\n<div class=\"columns\">\n<div class=\"column\">\n<div class=\"wpcf7-turnstile cf-turnstile\" data-sitekey=\"0x4AAAAAAB5ieZD9UQEQnxkv\" data-response-field-name=\"_wpcf7_turnstile_response\" data-language=\"en\"><\/div>\n<input class=\"wpcf7-form-control wpcf7-submit has-spinner\" type=\"submit\" value=\"Send\" \/>\n<\/div>\n<\/div><div class=\"wpcf7-response-output\" aria-hidden=\"true\"><\/div>\n<\/form>\n<\/div>\n<\/div>\n<\/div><\/div>\n<\/div>\n<\/div>\n","protected":false},"excerpt":{"rendered":"","protected":false},"author":1,"featured_media":547,"parent":537,"menu_order":0,"comment_status":"closed","ping_status":"closed","template":"","meta":{"scripts_individual_header":"<script>\ndocument.addEventListener( 'wpcf7mailsent', function( event ) {\n    location = 'https:\/\/envo.com.mx\/gracias\/';\n}, false );\n<\/script>","scripts_individual_body":"","scripts_individual_footer":"","activar_header_absoluto":false,"footnotes":""},"class_list":["post-546","page","type-page","status-publish","has-post-thumbnail","hentry"],"yoast_head":"<!-- This site is optimized with the Yoast SEO plugin v27.4 - https:\/\/yoast.com\/product\/yoast-seo-wordpress\/ -->\n<title>Bolsas para Vac\u00edo Grado Alimenticio, Fabricante de Bolsas para Vac\u00edo<\/title>\n<meta name=\"description\" content=\"Bolsas para Vac\u00edo Grado Alimenticio, Fabricante de Bolsas para Vac\u00edo Grado Alimenticio, Bolsa de Alto Vaci\u00f3 Monterrey\" \/>\n<meta name=\"robots\" content=\"index, follow, max-snippet:-1, max-image-preview:large, max-video-preview:-1\" \/>\n<link rel=\"canonical\" href=\"https:\/\/envo.com.mx\/en\/products\/food-grade-vacuum-bags\/\" \/>\n<meta property=\"og:locale\" content=\"en_US\" \/>\n<meta property=\"og:type\" content=\"article\" \/>\n<meta property=\"og:title\" content=\"Bolsas para Vac\u00edo Grado Alimenticio, Fabricante de Bolsas para Vac\u00edo\" \/>\n<meta property=\"og:description\" content=\"Bolsas para Vac\u00edo Grado Alimenticio, Fabricante de Bolsas para Vac\u00edo Grado Alimenticio, Bolsa de Alto Vaci\u00f3 Monterrey\" \/>\n<meta property=\"og:url\" content=\"https:\/\/envo.com.mx\/en\/products\/food-grade-vacuum-bags\/\" \/>\n<meta property=\"og:site_name\" content=\"Envo - Papel Grado Alimenticio\" \/>\n<meta property=\"article:modified_time\" content=\"2025-10-21T20:52:04+00:00\" \/>\n<meta property=\"og:image\" content=\"https:\/\/envo.com.mx\/wp-content\/uploads\/2025\/09\/demo-servicio-5.jpg\" \/>\n\t<meta property=\"og:image:width\" content=\"600\" \/>\n\t<meta property=\"og:image:height\" content=\"380\" \/>\n\t<meta property=\"og:image:type\" content=\"image\/jpeg\" \/>\n<meta name=\"twitter:card\" content=\"summary_large_image\" \/>\n<meta name=\"twitter:label1\" content=\"Est. reading time\" \/>\n\t<meta name=\"twitter:data1\" content=\"1 minute\" \/>\n<script type=\"application\/ld+json\" class=\"yoast-schema-graph\">{\"@context\":\"https:\\\/\\\/schema.org\",\"@graph\":[{\"@type\":\"WebPage\",\"@id\":\"https:\\\/\\\/envo.com.mx\\\/en\\\/products\\\/food-grade-vacuum-bags\\\/\",\"url\":\"https:\\\/\\\/envo.com.mx\\\/en\\\/products\\\/food-grade-vacuum-bags\\\/\",\"name\":\"Bolsas para Vac\u00edo Grado Alimenticio, Fabricante de Bolsas para Vac\u00edo\",\"isPartOf\":{\"@id\":\"https:\\\/\\\/envo.com.mx\\\/en\\\/#website\"},\"primaryImageOfPage\":{\"@id\":\"https:\\\/\\\/envo.com.mx\\\/en\\\/products\\\/food-grade-vacuum-bags\\\/#primaryimage\"},\"image\":{\"@id\":\"https:\\\/\\\/envo.com.mx\\\/en\\\/products\\\/food-grade-vacuum-bags\\\/#primaryimage\"},\"thumbnailUrl\":\"https:\\\/\\\/envo.com.mx\\\/wp-content\\\/uploads\\\/2025\\\/09\\\/demo-servicio-5.jpg\",\"datePublished\":\"2025-10-02T00:45:53+00:00\",\"dateModified\":\"2025-10-21T20:52:04+00:00\",\"description\":\"Bolsas para Vac\u00edo Grado Alimenticio, Fabricante de Bolsas para Vac\u00edo Grado Alimenticio, Bolsa de Alto Vaci\u00f3 Monterrey\",\"breadcrumb\":{\"@id\":\"https:\\\/\\\/envo.com.mx\\\/en\\\/products\\\/food-grade-vacuum-bags\\\/#breadcrumb\"},\"inLanguage\":\"en-US\",\"potentialAction\":[{\"@type\":\"ReadAction\",\"target\":[\"https:\\\/\\\/envo.com.mx\\\/en\\\/products\\\/food-grade-vacuum-bags\\\/\"]}]},{\"@type\":\"ImageObject\",\"inLanguage\":\"en-US\",\"@id\":\"https:\\\/\\\/envo.com.mx\\\/en\\\/products\\\/food-grade-vacuum-bags\\\/#primaryimage\",\"url\":\"https:\\\/\\\/envo.com.mx\\\/wp-content\\\/uploads\\\/2025\\\/09\\\/demo-servicio-5.jpg\",\"contentUrl\":\"https:\\\/\\\/envo.com.mx\\\/wp-content\\\/uploads\\\/2025\\\/09\\\/demo-servicio-5.jpg\",\"width\":600,\"height\":380,\"caption\":\"bolsas de alto vacio monterrey\"},{\"@type\":\"BreadcrumbList\",\"@id\":\"https:\\\/\\\/envo.com.mx\\\/en\\\/products\\\/food-grade-vacuum-bags\\\/#breadcrumb\",\"itemListElement\":[{\"@type\":\"ListItem\",\"position\":1,\"name\":\"Portada\",\"item\":\"https:\\\/\\\/envo.com.mx\\\/en\\\/\"},{\"@type\":\"ListItem\",\"position\":2,\"name\":\"Products\",\"item\":\"https:\\\/\\\/envo.com.mx\\\/en\\\/products\\\/\"},{\"@type\":\"ListItem\",\"position\":3,\"name\":\"Food-Grade Vacuum Bags\"}]},{\"@type\":\"WebSite\",\"@id\":\"https:\\\/\\\/envo.com.mx\\\/en\\\/#website\",\"url\":\"https:\\\/\\\/envo.com.mx\\\/en\\\/\",\"name\":\"Envo Fabricante de Papel Grado Alimenticio\",\"description\":\"Papel Encerado Grado Alimenticio\",\"publisher\":{\"@id\":\"https:\\\/\\\/envo.com.mx\\\/en\\\/#organization\"},\"potentialAction\":[{\"@type\":\"SearchAction\",\"target\":{\"@type\":\"EntryPoint\",\"urlTemplate\":\"https:\\\/\\\/envo.com.mx\\\/en\\\/?s={search_term_string}\"},\"query-input\":{\"@type\":\"PropertyValueSpecification\",\"valueRequired\":true,\"valueName\":\"search_term_string\"}}],\"inLanguage\":\"en-US\"},{\"@type\":\"Organization\",\"@id\":\"https:\\\/\\\/envo.com.mx\\\/en\\\/#organization\",\"name\":\"Envo\",\"url\":\"https:\\\/\\\/envo.com.mx\\\/en\\\/\",\"logo\":{\"@type\":\"ImageObject\",\"inLanguage\":\"en-US\",\"@id\":\"https:\\\/\\\/envo.com.mx\\\/en\\\/#\\\/schema\\\/logo\\\/image\\\/\",\"url\":\"https:\\\/\\\/envo.com.mx\\\/wp-content\\\/uploads\\\/2025\\\/10\\\/logo-2x.png\",\"contentUrl\":\"https:\\\/\\\/envo.com.mx\\\/wp-content\\\/uploads\\\/2025\\\/10\\\/logo-2x.png\",\"width\":800,\"height\":334,\"caption\":\"Envo\"},\"image\":{\"@id\":\"https:\\\/\\\/envo.com.mx\\\/en\\\/#\\\/schema\\\/logo\\\/image\\\/\"}}]}<\/script>\n<!-- \/ Yoast SEO plugin. -->","yoast_head_json":{"title":"Bolsas para Vac\u00edo Grado Alimenticio, Fabricante de Bolsas para Vac\u00edo","description":"Bolsas para Vac\u00edo Grado Alimenticio, Fabricante de Bolsas para Vac\u00edo Grado Alimenticio, Bolsa de Alto Vaci\u00f3 Monterrey","robots":{"index":"index","follow":"follow","max-snippet":"max-snippet:-1","max-image-preview":"max-image-preview:large","max-video-preview":"max-video-preview:-1"},"canonical":"https:\/\/envo.com.mx\/en\/products\/food-grade-vacuum-bags\/","og_locale":"en_US","og_type":"article","og_title":"Bolsas para Vac\u00edo Grado Alimenticio, Fabricante de Bolsas para Vac\u00edo","og_description":"Bolsas para Vac\u00edo Grado Alimenticio, Fabricante de Bolsas para Vac\u00edo Grado Alimenticio, Bolsa de Alto Vaci\u00f3 Monterrey","og_url":"https:\/\/envo.com.mx\/en\/products\/food-grade-vacuum-bags\/","og_site_name":"Envo - Papel Grado Alimenticio","article_modified_time":"2025-10-21T20:52:04+00:00","og_image":[{"width":600,"height":380,"url":"https:\/\/envo.com.mx\/wp-content\/uploads\/2025\/09\/demo-servicio-5.jpg","type":"image\/jpeg"}],"twitter_card":"summary_large_image","twitter_misc":{"Est. reading time":"1 minute"},"schema":{"@context":"https:\/\/schema.org","@graph":[{"@type":"WebPage","@id":"https:\/\/envo.com.mx\/en\/products\/food-grade-vacuum-bags\/","url":"https:\/\/envo.com.mx\/en\/products\/food-grade-vacuum-bags\/","name":"Bolsas para Vac\u00edo Grado Alimenticio, Fabricante de Bolsas para Vac\u00edo","isPartOf":{"@id":"https:\/\/envo.com.mx\/en\/#website"},"primaryImageOfPage":{"@id":"https:\/\/envo.com.mx\/en\/products\/food-grade-vacuum-bags\/#primaryimage"},"image":{"@id":"https:\/\/envo.com.mx\/en\/products\/food-grade-vacuum-bags\/#primaryimage"},"thumbnailUrl":"https:\/\/envo.com.mx\/wp-content\/uploads\/2025\/09\/demo-servicio-5.jpg","datePublished":"2025-10-02T00:45:53+00:00","dateModified":"2025-10-21T20:52:04+00:00","description":"Bolsas para Vac\u00edo Grado Alimenticio, Fabricante de Bolsas para Vac\u00edo Grado Alimenticio, Bolsa de Alto Vaci\u00f3 Monterrey","breadcrumb":{"@id":"https:\/\/envo.com.mx\/en\/products\/food-grade-vacuum-bags\/#breadcrumb"},"inLanguage":"en-US","potentialAction":[{"@type":"ReadAction","target":["https:\/\/envo.com.mx\/en\/products\/food-grade-vacuum-bags\/"]}]},{"@type":"ImageObject","inLanguage":"en-US","@id":"https:\/\/envo.com.mx\/en\/products\/food-grade-vacuum-bags\/#primaryimage","url":"https:\/\/envo.com.mx\/wp-content\/uploads\/2025\/09\/demo-servicio-5.jpg","contentUrl":"https:\/\/envo.com.mx\/wp-content\/uploads\/2025\/09\/demo-servicio-5.jpg","width":600,"height":380,"caption":"bolsas de alto vacio monterrey"},{"@type":"BreadcrumbList","@id":"https:\/\/envo.com.mx\/en\/products\/food-grade-vacuum-bags\/#breadcrumb","itemListElement":[{"@type":"ListItem","position":1,"name":"Portada","item":"https:\/\/envo.com.mx\/en\/"},{"@type":"ListItem","position":2,"name":"Products","item":"https:\/\/envo.com.mx\/en\/products\/"},{"@type":"ListItem","position":3,"name":"Food-Grade Vacuum Bags"}]},{"@type":"WebSite","@id":"https:\/\/envo.com.mx\/en\/#website","url":"https:\/\/envo.com.mx\/en\/","name":"Envo Fabricante de Papel Grado Alimenticio","description":"Papel Encerado Grado Alimenticio","publisher":{"@id":"https:\/\/envo.com.mx\/en\/#organization"},"potentialAction":[{"@type":"SearchAction","target":{"@type":"EntryPoint","urlTemplate":"https:\/\/envo.com.mx\/en\/?s={search_term_string}"},"query-input":{"@type":"PropertyValueSpecification","valueRequired":true,"valueName":"search_term_string"}}],"inLanguage":"en-US"},{"@type":"Organization","@id":"https:\/\/envo.com.mx\/en\/#organization","name":"Envo","url":"https:\/\/envo.com.mx\/en\/","logo":{"@type":"ImageObject","inLanguage":"en-US","@id":"https:\/\/envo.com.mx\/en\/#\/schema\/logo\/image\/","url":"https:\/\/envo.com.mx\/wp-content\/uploads\/2025\/10\/logo-2x.png","contentUrl":"https:\/\/envo.com.mx\/wp-content\/uploads\/2025\/10\/logo-2x.png","width":800,"height":334,"caption":"Envo"},"image":{"@id":"https:\/\/envo.com.mx\/en\/#\/schema\/logo\/image\/"}}]}},"_links":{"self":[{"href":"https:\/\/envo.com.mx\/en\/wp-json\/wp\/v2\/pages\/546","targetHints":{"allow":["GET"]}}],"collection":[{"href":"https:\/\/envo.com.mx\/en\/wp-json\/wp\/v2\/pages"}],"about":[{"href":"https:\/\/envo.com.mx\/en\/wp-json\/wp\/v2\/types\/page"}],"author":[{"embeddable":true,"href":"https:\/\/envo.com.mx\/en\/wp-json\/wp\/v2\/users\/1"}],"replies":[{"embeddable":true,"href":"https:\/\/envo.com.mx\/en\/wp-json\/wp\/v2\/comments?post=546"}],"version-history":[{"count":5,"href":"https:\/\/envo.com.mx\/en\/wp-json\/wp\/v2\/pages\/546\/revisions"}],"predecessor-version":[{"id":753,"href":"https:\/\/envo.com.mx\/en\/wp-json\/wp\/v2\/pages\/546\/revisions\/753"}],"up":[{"embeddable":true,"href":"https:\/\/envo.com.mx\/en\/wp-json\/wp\/v2\/pages\/537"}],"wp:featuredmedia":[{"embeddable":true,"href":"https:\/\/envo.com.mx\/en\/wp-json\/wp\/v2\/media\/547"}],"wp:attachment":[{"href":"https:\/\/envo.com.mx\/en\/wp-json\/wp\/v2\/media?parent=546"}],"curies":[{"name":"wp","href":"https:\/\/api.w.org\/{rel}","templated":true}]}}